{"id":4858,"date":"2024-11-21T07:12:32","date_gmt":"2024-11-21T06:12:32","guid":{"rendered":"https:\/\/lypictures.fr\/?page_id=4858"},"modified":"2024-12-13T15:10:47","modified_gmt":"2024-12-13T14:10:47","slug":"photographe-mariage-marrakech","status":"publish","type":"page","link":"https:\/\/lypictures.fr\/en\/photographe-mariage-marrakech\/","title":{"rendered":"Photographe mariage Marrakech"},"content":{"rendered":"<div data-elementor-type=\"wp-page\" data-elementor-id=\"4858\" class=\"elementor elementor-4858\" data-elementor-post-type=\"page\">\n\t\t\t\t\t\t<section class=\"elementor-section elementor-top-section elementor-element elementor-element-4f9d2ae elementor-section-boxed elementor-section-height-default elementor-section-height-default\" data-id=\"4f9d2ae\" data-element_type=\"section\" data-e-type=\"section\">\n\t\t\t\t\t\t<div class=\"elementor-container elementor-column-gap-default\">\n\t\t\t\t\t<div class=\"elementor-column elementor-col-100 elementor-top-column elementor-element elementor-element-0f45428\" data-id=\"0f45428\" data-element_type=\"column\" data-e-type=\"column\">\n\t\t\t<div class=\"elementor-widget-wrap elementor-element-populated\">\n\t\t\t\t\t\t<div class=\"elementor-element elementor-element-e681dc8 elementor-widget elementor-widget-heading\" data-id=\"e681dc8\" data-element_type=\"widget\" data-e-type=\"widget\" data-widget_type=\"heading.default\">\n\t\t\t\t<div class=\"elementor-widget-container\">\n\t\t\t\t\t<h1 class=\"elementor-heading-title elementor-size-default\">Photographe et vid\u00e9aste de mariage \u00e0 Marrakech <\/h1>\t\t\t\t<\/div>\n\t\t\t\t<\/div>\n\t\t\t\t<div class=\"elementor-element elementor-element-04054b4 elementor-widget elementor-widget-spacer\" data-id=\"04054b4\" data-element_type=\"widget\" data-e-type=\"widget\" data-widget_type=\"spacer.default\">\n\t\t\t\t<div class=\"elementor-widget-container\">\n\t\t\t\t\t\t\t<div class=\"elementor-spacer\">\n\t\t\t<div class=\"elementor-spacer-inner\"><\/div>\n\t\t<\/div>\n\t\t\t\t\t\t<\/div>\n\t\t\t\t<\/div>\n\t\t\t\t\t<\/div>\n\t\t<\/div>\n\t\t\t\t\t<\/div>\n\t\t<\/section>\n\t\t\t\t<section class=\"elementor-section elementor-top-section elementor-element elementor-element-015ef5e elementor-section-boxed elementor-section-height-default elementor-section-height-default\" data-id=\"015ef5e\" data-element_type=\"section\" data-e-type=\"section\">\n\t\t\t\t\t\t<div class=\"elementor-container elementor-column-gap-default\">\n\t\t\t\t\t<div class=\"elementor-column elementor-col-33 elementor-top-column elementor-element elementor-element-16ebbcd\" data-id=\"16ebbcd\" data-element_type=\"column\" data-e-type=\"column\">\n\t\t\t<div class=\"elementor-widget-wrap elementor-element-populated\">\n\t\t\t\t\t\t<div class=\"elementor-element elementor-element-5513b1a elementor-widget elementor-widget-image\" data-id=\"5513b1a\" data-element_type=\"widget\" data-e-type=\"widget\" data-widget_type=\"image.default\">\n\t\t\t\t<div class=\"elementor-widget-container\">\n\t\t\t\t\t\t\t\t\t\t\t\t\t\t\t<img fetchpriority=\"high\" decoding=\"async\" width=\"800\" height=\"534\" src=\"https:\/\/lypictures.fr\/wp-content\/uploads\/2024\/12\/photographe-videaste-marrakech1504-1024x683.jpg\" class=\"attachment-large size-large wp-image-4900\" alt=\"\" srcset=\"https:\/\/lypictures.fr\/wp-content\/uploads\/2024\/12\/photographe-videaste-marrakech1504-1024x683.jpg 1024w, https:\/\/lypictures.fr\/wp-content\/uploads\/2024\/12\/photographe-videaste-marrakech1504-300x200.jpg 300w, https:\/\/lypictures.fr\/wp-content\/uploads\/2024\/12\/photographe-videaste-marrakech1504-768x512.jpg 768w, https:\/\/lypictures.fr\/wp-content\/uploads\/2024\/12\/photographe-videaste-marrakech1504-1536x1024.jpg 1536w, https:\/\/lypictures.fr\/wp-content\/uploads\/2024\/12\/photographe-videaste-marrakech1504-2048x1365.jpg 2048w, https:\/\/lypictures.fr\/wp-content\/uploads\/2024\/12\/photographe-videaste-marrakech1504-18x12.jpg 18w\" sizes=\"(max-width: 800px) 100vw, 800px\">\t\t\t\t\t\t\t\t\t\t\t\t\t\t\t<\/div>\n\t\t\t\t<\/div>\n\t\t\t\t\t<\/div>\n\t\t<\/div>\n\t\t\t\t<div class=\"elementor-column elementor-col-33 elementor-top-column elementor-element elementor-element-fb59292\" data-id=\"fb59292\" data-element_type=\"column\" data-e-type=\"column\">\n\t\t\t<div class=\"elementor-widget-wrap elementor-element-populated\">\n\t\t\t\t\t\t<div class=\"elementor-element elementor-element-27d89e8 elementor-widget elementor-widget-image\" data-id=\"27d89e8\" data-element_type=\"widget\" data-e-type=\"widget\" data-widget_type=\"image.default\">\n\t\t\t\t<div class=\"elementor-widget-container\">\n\t\t\t\t\t\t\t\t\t\t\t\t\t\t\t<img decoding=\"async\" width=\"800\" height=\"534\" src=\"https:\/\/lypictures.fr\/wp-content\/uploads\/2024\/12\/photographe-videaste-marrakech1497-1024x683.jpg\" class=\"attachment-large size-large wp-image-4893\" alt=\"\" srcset=\"https:\/\/lypictures.fr\/wp-content\/uploads\/2024\/12\/photographe-videaste-marrakech1497-1024x683.jpg 1024w, https:\/\/lypictures.fr\/wp-content\/uploads\/2024\/12\/photographe-videaste-marrakech1497-300x200.jpg 300w, https:\/\/lypictures.fr\/wp-content\/uploads\/2024\/12\/photographe-videaste-marrakech1497-768x512.jpg 768w, https:\/\/lypictures.fr\/wp-content\/uploads\/2024\/12\/photographe-videaste-marrakech1497-1536x1024.jpg 1536w, https:\/\/lypictures.fr\/wp-content\/uploads\/2024\/12\/photographe-videaste-marrakech1497-2048x1365.jpg 2048w, https:\/\/lypictures.fr\/wp-content\/uploads\/2024\/12\/photographe-videaste-marrakech1497-18x12.jpg 18w\" sizes=\"(max-width: 800px) 100vw, 800px\">\t\t\t\t\t\t\t\t\t\t\t\t\t\t\t<\/div>\n\t\t\t\t<\/div>\n\t\t\t\t\t<\/div>\n\t\t<\/div>\n\t\t\t\t<div class=\"elementor-column elementor-col-33 elementor-top-column elementor-element elementor-element-790be6b\" data-id=\"790be6b\" data-element_type=\"column\" data-e-type=\"column\">\n\t\t\t<div class=\"elementor-widget-wrap elementor-element-populated\">\n\t\t\t\t\t\t<div class=\"elementor-element elementor-element-9bdc0c7 elementor-widget elementor-widget-image\" data-id=\"9bdc0c7\" data-element_type=\"widget\" data-e-type=\"widget\" data-widget_type=\"image.default\">\n\t\t\t\t<div class=\"elementor-widget-container\">\n\t\t\t\t\t\t\t\t\t\t\t\t\t\t\t<img decoding=\"async\" width=\"800\" height=\"534\" src=\"https:\/\/lypictures.fr\/wp-content\/uploads\/2024\/12\/photographe-videaste-marrakech1484-1024x683.jpg\" class=\"attachment-large size-large wp-image-4880\" alt=\"\" srcset=\"https:\/\/lypictures.fr\/wp-content\/uploads\/2024\/12\/photographe-videaste-marrakech1484-1024x683.jpg 1024w, https:\/\/lypictures.fr\/wp-content\/uploads\/2024\/12\/photographe-videaste-marrakech1484-300x200.jpg 300w, https:\/\/lypictures.fr\/wp-content\/uploads\/2024\/12\/photographe-videaste-marrakech1484-768x512.jpg 768w, https:\/\/lypictures.fr\/wp-content\/uploads\/2024\/12\/photographe-videaste-marrakech1484-1536x1024.jpg 1536w, https:\/\/lypictures.fr\/wp-content\/uploads\/2024\/12\/photographe-videaste-marrakech1484-2048x1365.jpg 2048w, https:\/\/lypictures.fr\/wp-content\/uploads\/2024\/12\/photographe-videaste-marrakech1484-18x12.jpg 18w\" sizes=\"(max-width: 800px) 100vw, 800px\">\t\t\t\t\t\t\t\t\t\t\t\t\t\t\t<\/div>\n\t\t\t\t<\/div>\n\t\t\t\t\t<\/div>\n\t\t<\/div>\n\t\t\t\t\t<\/div>\n\t\t<\/section>\n\t\t\t\t<section class=\"elementor-section elementor-top-section elementor-element elementor-element-5cbb290 elementor-section-boxed elementor-section-height-default elementor-section-height-default\" data-id=\"5cbb290\" data-element_type=\"section\" data-e-type=\"section\">\n\t\t\t\t\t\t<div class=\"elementor-container elementor-column-gap-default\">\n\t\t\t\t\t<div class=\"elementor-column elementor-col-100 elementor-top-column elementor-element elementor-element-7e2ef00\" data-id=\"7e2ef00\" data-element_type=\"column\" data-e-type=\"column\">\n\t\t\t<div class=\"elementor-widget-wrap elementor-element-populated\">\n\t\t\t\t\t\t<div class=\"elementor-element elementor-element-9f94875 elementor-widget elementor-widget-heading\" data-id=\"9f94875\" data-element_type=\"widget\" data-e-type=\"widget\" data-widget_type=\"heading.default\">\n\t\t\t\t<div class=\"elementor-widget-container\">\n\t\t\t\t\t<h2 class=\"elementor-heading-title elementor-size-default\">Meilleur photographe et Videaste \u00e0 Marrakech<\/h2>\t\t\t\t<\/div>\n\t\t\t\t<\/div>\n\t\t\t\t\t<\/div>\n\t\t<\/div>\n\t\t\t\t\t<\/div>\n\t\t<\/section>\n\t\t\t\t<section class=\"elementor-section elementor-top-section elementor-element elementor-element-8d51cea elementor-section-boxed elementor-section-height-default elementor-section-height-default\" data-id=\"8d51cea\" data-element_type=\"section\" data-e-type=\"section\">\n\t\t\t\t\t\t<div class=\"elementor-container elementor-column-gap-default\">\n\t\t\t\t\t<div class=\"elementor-column elementor-col-33 elementor-top-column elementor-element elementor-element-d4008f1\" data-id=\"d4008f1\" data-element_type=\"column\" data-e-type=\"column\">\n\t\t\t<div class=\"elementor-widget-wrap elementor-element-populated\">\n\t\t\t\t\t\t<div class=\"elementor-element elementor-element-c42ad1d elementor-widget elementor-widget-image\" data-id=\"c42ad1d\" data-element_type=\"widget\" data-e-type=\"widget\" data-widget_type=\"image.default\">\n\t\t\t\t<div class=\"elementor-widget-container\">\n\t\t\t\t\t\t\t\t\t\t\t\t\t\t\t<img loading=\"lazy\" decoding=\"async\" width=\"683\" height=\"1024\" src=\"https:\/\/lypictures.fr\/wp-content\/uploads\/2024\/12\/photographe-videaste-marrakech1472-683x1024.jpg\" class=\"attachment-large size-large wp-image-4868\" alt=\"\" srcset=\"https:\/\/lypictures.fr\/wp-content\/uploads\/2024\/12\/photographe-videaste-marrakech1472-683x1024.jpg 683w, https:\/\/lypictures.fr\/wp-content\/uploads\/2024\/12\/photographe-videaste-marrakech1472-200x300.jpg 200w, https:\/\/lypictures.fr\/wp-content\/uploads\/2024\/12\/photographe-videaste-marrakech1472-768x1152.jpg 768w, https:\/\/lypictures.fr\/wp-content\/uploads\/2024\/12\/photographe-videaste-marrakech1472-1024x1536.jpg 1024w, https:\/\/lypictures.fr\/wp-content\/uploads\/2024\/12\/photographe-videaste-marrakech1472-1365x2048.jpg 1365w, https:\/\/lypictures.fr\/wp-content\/uploads\/2024\/12\/photographe-videaste-marrakech1472-8x12.jpg 8w, https:\/\/lypictures.fr\/wp-content\/uploads\/2024\/12\/photographe-videaste-marrakech1472-scaled.jpg 1707w\" sizes=\"(max-width: 683px) 100vw, 683px\">\t\t\t\t\t\t\t\t\t\t\t\t\t\t\t<\/div>\n\t\t\t\t<\/div>\n\t\t\t\t\t<\/div>\n\t\t<\/div>\n\t\t\t\t<div class=\"elementor-column elementor-col-66 elementor-top-column elementor-element elementor-element-e33e682\" data-id=\"e33e682\" data-element_type=\"column\" data-e-type=\"column\">\n\t\t\t<div class=\"elementor-widget-wrap elementor-element-populated\">\n\t\t\t\t\t\t<div class=\"elementor-element elementor-element-824ab53 elementor-widget elementor-widget-text-editor\" data-id=\"824ab53\" data-element_type=\"widget\" data-e-type=\"widget\" data-widget_type=\"text-editor.default\">\n\t\t\t\t<div class=\"elementor-widget-container\">\n\t\t\t\t\t\t\t\t\t<p>Destination Marrakech pour votre mariage, je suis photographe et vid\u00e9aste depuis plus de 15 ans en France et aujourd&rsquo;hui install\u00e9 sur Marrakech. Un style cin\u00e9matographique, de vrais films pour des souvenirs inoubliables. Des photos naturels et authentiques.&nbsp;<\/p>\t\t\t\t\t\t\t\t<\/div>\n\t\t\t\t<\/div>\n\t\t\t\t\t<\/div>\n\t\t<\/div>\n\t\t\t\t\t<\/div>\n\t\t<\/section>\n\t\t\t\t<section class=\"elementor-section elementor-top-section elementor-element elementor-element-149e200 elementor-section-boxed elementor-section-height-default elementor-section-height-default\" data-id=\"149e200\" data-element_type=\"section\" data-e-type=\"section\">\n\t\t\t\t\t\t<div class=\"elementor-container elementor-column-gap-default\">\n\t\t\t\t\t<div class=\"elementor-column elementor-col-100 elementor-top-column elementor-element elementor-element-6e3c472\" data-id=\"6e3c472\" data-element_type=\"column\" data-e-type=\"column\">\n\t\t\t<div class=\"elementor-widget-wrap\">\n\t\t\t\t\t\t\t<\/div>\n\t\t<\/div>\n\t\t\t\t\t<\/div>\n\t\t<\/section>\n\t\t\t\t<\/div>","protected":false},"excerpt":{"rendered":"<p>Photographe et vid\u00e9aste de mariage \u00e0 Marrakech Meilleur photographe et Videaste \u00e0 Marrakech Destination Marrakech pour votre mariage, je suis photographe et vid\u00e9aste depuis plus de 15 ans en France et aujourd&rsquo;hui install\u00e9 sur Marrakech. Un style cin\u00e9matographique, de vrais films pour des souvenirs inoubliables. Des photos naturels et authentiques.&nbsp;<\/p>","protected":false},"author":2,"featured_media":0,"parent":0,"menu_order":0,"comment_status":"closed","ping_status":"closed","template":"","meta":{"footnotes":""},"class_list":["post-4858","page","type-page","status-publish","hentry"],"_links":{"self":[{"href":"https:\/\/lypictures.fr\/en\/wp-json\/wp\/v2\/pages\/4858","targetHints":{"allow":["GET"]}}],"collection":[{"href":"https:\/\/lypictures.fr\/en\/wp-json\/wp\/v2\/pages"}],"about":[{"href":"https:\/\/lypictures.fr\/en\/wp-json\/wp\/v2\/types\/page"}],"author":[{"embeddable":true,"href":"https:\/\/lypictures.fr\/en\/wp-json\/wp\/v2\/users\/2"}],"replies":[{"embeddable":true,"href":"https:\/\/lypictures.fr\/en\/wp-json\/wp\/v2\/comments?post=4858"}],"version-history":[{"count":8,"href":"https:\/\/lypictures.fr\/en\/wp-json\/wp\/v2\/pages\/4858\/revisions"}],"predecessor-version":[{"id":4907,"href":"https:\/\/lypictures.fr\/en\/wp-json\/wp\/v2\/pages\/4858\/revisions\/4907"}],"wp:attachment":[{"href":"https:\/\/lypictures.fr\/en\/wp-json\/wp\/v2\/media?parent=4858"}],"curies":[{"name":"wp","href":"https:\/\/api.w.org\/{rel}","templated":true}]}}