{"id":3413,"date":"2022-07-20T12:25:55","date_gmt":"2022-07-20T10:25:55","guid":{"rendered":"https:\/\/lypictures.fr\/?page_id=3413"},"modified":"2024-02-08T12:54:07","modified_gmt":"2024-02-08T11:54:07","slug":"mariage-au-chateau-cremat-nice","status":"publish","type":"page","link":"https:\/\/lypictures.fr\/en\/mariage-au-chateau-cremat-nice\/","title":{"rendered":"Mariage au ch\u00e2teau de Cr\u00e9mat Nice"},"content":{"rendered":"<div data-elementor-type=\"wp-page\" data-elementor-id=\"3413\" class=\"elementor elementor-3413\" data-elementor-post-type=\"page\">\n\t\t\t\t\t\t<section class=\"elementor-section elementor-top-section elementor-element elementor-element-04a2328 elementor-section-boxed elementor-section-height-default elementor-section-height-default\" data-id=\"04a2328\" data-element_type=\"section\" data-e-type=\"section\">\n\t\t\t\t\t\t<div class=\"elementor-container elementor-column-gap-default\">\n\t\t\t\t\t<div class=\"elementor-column elementor-col-100 elementor-top-column elementor-element elementor-element-122f3aa\" data-id=\"122f3aa\" data-element_type=\"column\" data-e-type=\"column\">\n\t\t\t<div class=\"elementor-widget-wrap elementor-element-populated\">\n\t\t\t\t\t\t<div class=\"elementor-element elementor-element-c71750f elementor-widget elementor-widget-heading\" data-id=\"c71750f\" data-element_type=\"widget\" data-e-type=\"widget\" data-widget_type=\"heading.default\">\n\t\t\t\t<div class=\"elementor-widget-container\">\n\t\t\t\t\t<h1 class=\"elementor-heading-title elementor-size-default\">Un magnifique mariage au Ch\u00e2teau Cr\u00e9mat \u00e0 Nice<\/h1>\t\t\t\t<\/div>\n\t\t\t\t<\/div>\n\t\t\t\t<div class=\"elementor-element elementor-element-6b9b475 elementor-widget elementor-widget-spacer\" data-id=\"6b9b475\" data-element_type=\"widget\" data-e-type=\"widget\" data-widget_type=\"spacer.default\">\n\t\t\t\t<div class=\"elementor-widget-container\">\n\t\t\t\t\t\t\t<div class=\"elementor-spacer\">\n\t\t\t<div class=\"elementor-spacer-inner\"><\/div>\n\t\t<\/div>\n\t\t\t\t\t\t<\/div>\n\t\t\t\t<\/div>\n\t\t\t\t<div class=\"elementor-element elementor-element-01bf3de elementor-widget elementor-widget-heading\" data-id=\"01bf3de\" data-element_type=\"widget\" data-e-type=\"widget\" data-widget_type=\"heading.default\">\n\t\t\t\t<div class=\"elementor-widget-container\">\n\t\t\t\t\t<h2 class=\"elementor-heading-title elementor-size-default\">Film de mariage \n\"The way of the heart\"<\/h2>\t\t\t\t<\/div>\n\t\t\t\t<\/div>\n\t\t\t\t\t<\/div>\n\t\t<\/div>\n\t\t\t\t\t<\/div>\n\t\t<\/section>\n\t\t\t\t<section class=\"elementor-section elementor-top-section elementor-element elementor-element-abce4a7 elementor-section-boxed elementor-section-height-default elementor-section-height-default\" data-id=\"abce4a7\" data-element_type=\"section\" data-e-type=\"section\">\n\t\t\t\t\t\t<div class=\"elementor-container elementor-column-gap-default\">\n\t\t\t\t\t<div class=\"elementor-column elementor-col-100 elementor-top-column elementor-element elementor-element-69e232f\" data-id=\"69e232f\" data-element_type=\"column\" data-e-type=\"column\">\n\t\t\t<div class=\"elementor-widget-wrap elementor-element-populated\">\n\t\t\t\t\t\t<div class=\"elementor-element elementor-element-77902ec elementor-widget elementor-widget-video\" data-id=\"77902ec\" data-element_type=\"widget\" data-e-type=\"widget\" data-settings=\"{&quot;youtube_url&quot;:&quot;https:\\\/\\\/youtu.be\\\/7oRT1HQ_pZQ&quot;,&quot;autoplay&quot;:&quot;yes&quot;,&quot;play_on_mobile&quot;:&quot;yes&quot;,&quot;loop&quot;:&quot;yes&quot;,&quot;yt_privacy&quot;:&quot;yes&quot;,&quot;video_type&quot;:&quot;youtube&quot;,&quot;controls&quot;:&quot;yes&quot;}\" data-widget_type=\"video.default\">\n\t\t\t\t<div class=\"elementor-widget-container\">\n\t\t\t\t\t\t\t<div class=\"elementor-wrapper elementor-open-inline\">\n\t\t\t<div class=\"elementor-video\"><\/div>\t\t<\/div>\n\t\t\t\t\t\t<\/div>\n\t\t\t\t<\/div>\n\t\t\t\t\t<\/div>\n\t\t<\/div>\n\t\t\t\t\t<\/div>\n\t\t<\/section>\n\t\t\t\t<section class=\"elementor-section elementor-top-section elementor-element elementor-element-5553e33 elementor-section-boxed elementor-section-height-default elementor-section-height-default\" data-id=\"5553e33\" data-element_type=\"section\" data-e-type=\"section\">\n\t\t\t\t\t\t<div class=\"elementor-container elementor-column-gap-default\">\n\t\t\t\t\t<div class=\"elementor-column elementor-col-100 elementor-top-column elementor-element elementor-element-1c7cb86\" data-id=\"1c7cb86\" data-element_type=\"column\" data-e-type=\"column\">\n\t\t\t<div class=\"elementor-widget-wrap elementor-element-populated\">\n\t\t\t\t\t\t<div class=\"elementor-element elementor-element-5566a02 elementor-widget elementor-widget-text-editor\" data-id=\"5566a02\" data-element_type=\"widget\" data-e-type=\"widget\" data-widget_type=\"text-editor.default\">\n\t\t\t\t<div class=\"elementor-widget-container\">\n\t\t\t\t\t\t\t\t\t<p>Un mariage au&nbsp;<a href=\"https:\/\/chateaucremat.com\" target=\"_blank\" rel=\"noopener\">Ch\u00e2teau de Cr\u00e9mat&nbsp;<\/a>\u00e0 Nice ,<\/p><p>&nbsp;Lieu embl\u00e9matique qui offre une vue panoramique sur Nice. Une histoire assez unique dans ce Ch\u00e2teau. On raconte que <b>Gabrielle Chanel<\/b> se serait inspir\u00e9e des initiales du Ch\u00e2teau de Cr\u00e9mat, deux C entrelac\u00e9s, pour cr\u00e9er le sigle de sa prestigieuse <b>maison de couture<\/b>.<\/p>\n<p>Johanna et Phillipe ont v\u00e9cu une journ\u00e9e m\u00e9morable dans ce lieu magique, leur mariage entour\u00e9 de leurs proches a vraiment \u00e9t\u00e9 intense, la c\u00e9r\u00e9monie religieuse \u00e9t\u00e9 l\u00e0 pour calmer cette bande de pote venus f\u00eater le bonheur de ce couple . Le Ch\u00e2teau de Cremat \u00e0 Nice est sans aucun doute l&rsquo;un des endroits les plus prestigieux pour<b> c\u00e9l\u00e9brer un mariage luxueux sur la French Riviera<\/b>. Lorsque j&rsquo;ai \u00e9t\u00e9 choisi pour \u00eatre le <b>vid\u00e9aste de mariage<\/b> pour Johanna et Phillipe, je savais que j&rsquo;allais \u00eatre t\u00e9moin d&rsquo;un \u00e9v\u00e9nement extraordinaire.<\/p>\n<p>La journ\u00e9e a commenc\u00e9 avec la c\u00e9r\u00e9monie religieuse dans une \u00e9glise avoisinante, o\u00f9 Johanna et Phillipe ont \u00e9chang\u00e9 des v\u0153ux d&rsquo;amour et de fid\u00e9lit\u00e9. Les sourires rayonnants sur leurs visages \u00e9taient le reflet de l&rsquo;amour qu&rsquo;ils se portent.<\/p>\n<p>La r\u00e9alisation de leur film dans ce lieu avec sa vue imprenable sur la M\u00e9diterran\u00e9e \u00e9tait dict\u00e9e par des images lifestyle qui en ont fait un v\u00e9ritable <b>chef<\/b>&#8211;<b>d&rsquo;\u0153uvre<\/b>.<\/p>\n<p>La soir\u00e9e de r\u00e9ception a \u00e9t\u00e9 tout aussi spectaculaire. Les invit\u00e9s, \u00e9galement habill\u00e9s avec \u00e9l\u00e9gance, ont \u00e9t\u00e9 accueillis avec un ap\u00e9ritif sur la terrasse surplombant les collines environnantes. La f\u00eate a \u00e9t\u00e9 entendue tout au long de la soir\u00e9e.<\/p>\n<p>D\u00e9cor\u00e9e avec go\u00fbt et raffinement, refl\u00e9tant l&rsquo;ambiance classe et luxueuse de cette journ\u00e9e m\u00e9morable.<\/p>\t\t\t\t\t\t\t\t<\/div>\n\t\t\t\t<\/div>\n\t\t\t\t<div class=\"elementor-element elementor-element-4fd64a5 elementor-align-center elementor-widget elementor-widget-button\" data-id=\"4fd64a5\" data-element_type=\"widget\" data-e-type=\"widget\" data-widget_type=\"button.default\">\n\t\t\t\t<div class=\"elementor-widget-container\">\n\t\t\t\t\t\t\t\t\t<div class=\"elementor-button-wrapper\">\n\t\t\t\t\t<a class=\"elementor-button elementor-button-link elementor-size-sm\" href=\"https:\/\/lypictures.fr\/en\/contact\/\">\n\t\t\t\t\t\t<span class=\"elementor-button-content-wrapper\">\n\t\t\t\t\t\t\t\t\t<span class=\"elementor-button-text\">CONTACT<\/span>\n\t\t\t\t\t<\/span>\n\t\t\t\t\t<\/a>\n\t\t\t\t<\/div>\n\t\t\t\t\t\t\t\t<\/div>\n\t\t\t\t<\/div>\n\t\t\t\t\t<\/div>\n\t\t<\/div>\n\t\t\t\t\t<\/div>\n\t\t<\/section>\n\t\t\t\t<\/div>","protected":false},"excerpt":{"rendered":"<p>Un magnifique mariage au Ch\u00e2teau Cr\u00e9mat \u00e0 Nice Film de mariage \u00ab\u00a0The way of the heart\u00a0\u00bb https:\/\/youtu.be\/7oRT1HQ_pZQ Un mariage au&nbsp;Ch\u00e2teau de Cr\u00e9mat&nbsp;\u00e0 Nice , &nbsp;Lieu embl\u00e9matique qui offre une vue panoramique sur Nice. Une histoire assez unique dans ce Ch\u00e2teau. On raconte que Gabrielle Chanel se serait inspir\u00e9e des initiales du Ch\u00e2teau de Cr\u00e9mat, deux [&hellip;]<\/p>","protected":false},"author":2,"featured_media":3406,"parent":0,"menu_order":3,"comment_status":"closed","ping_status":"closed","template":"","meta":{"footnotes":""},"class_list":["post-3413","page","type-page","status-publish","has-post-thumbnail","hentry"],"_links":{"self":[{"href":"https:\/\/lypictures.fr\/en\/wp-json\/wp\/v2\/pages\/3413","targetHints":{"allow":["GET"]}}],"collection":[{"href":"https:\/\/lypictures.fr\/en\/wp-json\/wp\/v2\/pages"}],"about":[{"href":"https:\/\/lypictures.fr\/en\/wp-json\/wp\/v2\/types\/page"}],"author":[{"embeddable":true,"href":"https:\/\/lypictures.fr\/en\/wp-json\/wp\/v2\/users\/2"}],"replies":[{"embeddable":true,"href":"https:\/\/lypictures.fr\/en\/wp-json\/wp\/v2\/comments?post=3413"}],"version-history":[{"count":14,"href":"https:\/\/lypictures.fr\/en\/wp-json\/wp\/v2\/pages\/3413\/revisions"}],"predecessor-version":[{"id":3857,"href":"https:\/\/lypictures.fr\/en\/wp-json\/wp\/v2\/pages\/3413\/revisions\/3857"}],"wp:featuredmedia":[{"embeddable":true,"href":"https:\/\/lypictures.fr\/en\/wp-json\/wp\/v2\/media\/3406"}],"wp:attachment":[{"href":"https:\/\/lypictures.fr\/en\/wp-json\/wp\/v2\/media?parent=3413"}],"curies":[{"name":"wp","href":"https:\/\/api.w.org\/{rel}","templated":true}]}}