{"id":3173,"date":"2022-01-15T15:50:49","date_gmt":"2022-01-15T14:50:49","guid":{"rendered":"https:\/\/lypictures.fr\/?page_id=3173"},"modified":"2024-02-08T12:54:23","modified_gmt":"2024-02-08T11:54:23","slug":"un-mariage-au-domaine-de-patras","status":"publish","type":"page","link":"https:\/\/lypictures.fr\/en\/un-mariage-au-domaine-de-patras\/","title":{"rendered":"Un mariage au Domaine de Patras"},"content":{"rendered":"<div data-elementor-type=\"wp-page\" data-elementor-id=\"3173\" class=\"elementor elementor-3173\" data-elementor-post-type=\"page\">\n\t\t\t\t\t\t<section class=\"elementor-section elementor-top-section elementor-element elementor-element-d1183c7 elementor-section-boxed elementor-section-height-default elementor-section-height-default\" data-id=\"d1183c7\" data-element_type=\"section\" data-e-type=\"section\">\n\t\t\t\t\t\t<div class=\"elementor-container elementor-column-gap-default\">\n\t\t\t\t\t<div class=\"elementor-column elementor-col-100 elementor-top-column elementor-element elementor-element-5da8db8\" data-id=\"5da8db8\" data-element_type=\"column\" data-e-type=\"column\">\n\t\t\t<div class=\"elementor-widget-wrap elementor-element-populated\">\n\t\t\t\t\t\t<div class=\"elementor-element elementor-element-9071d32 elementor-widget elementor-widget-heading\" data-id=\"9071d32\" data-element_type=\"widget\" data-e-type=\"widget\" data-widget_type=\"heading.default\">\n\t\t\t\t<div class=\"elementor-widget-container\">\n\t\t\t\t\t<h1 class=\"elementor-heading-title elementor-size-default\">Un mariage au Domaine de Patras <\/h1>\t\t\t\t<\/div>\n\t\t\t\t<\/div>\n\t\t\t\t\t<\/div>\n\t\t<\/div>\n\t\t\t\t\t<\/div>\n\t\t<\/section>\n\t\t\t\t<section class=\"elementor-section elementor-top-section elementor-element elementor-element-ae9720d elementor-section-boxed elementor-section-height-default elementor-section-height-default\" data-id=\"ae9720d\" data-element_type=\"section\" data-e-type=\"section\">\n\t\t\t\t\t\t<div class=\"elementor-container elementor-column-gap-default\">\n\t\t\t\t\t<div class=\"elementor-column elementor-col-100 elementor-top-column elementor-element elementor-element-889616d\" data-id=\"889616d\" data-element_type=\"column\" data-e-type=\"column\">\n\t\t\t<div class=\"elementor-widget-wrap elementor-element-populated\">\n\t\t\t\t\t\t<div class=\"elementor-element elementor-element-03dd270 elementor-widget elementor-widget-text-editor\" data-id=\"03dd270\" data-element_type=\"widget\" data-e-type=\"widget\" data-widget_type=\"text-editor.default\">\n\t\t\t\t<div class=\"elementor-widget-container\">\n\t\t\t\t\t\t\t\t\t<p>C est dans ce lieu d&rsquo;exception qu&rsquo;est&nbsp;<a href=\"https:\/\/lesdomainesdepatras.fr\/\" target=\"_blank\" rel=\"noopener\"><u>le domaine de Patras<\/u><\/a>&nbsp;que Carla et David ont d\u00e9cid\u00e9 de s&rsquo;unir. Leurs v\u0153ux de mariage prononc\u00e9s sous la <b>Houppa<\/b> comme le veut la tradition <b>juive<\/b> ont laiss\u00e9 leurs invit\u00e9s se faire envahir par l \u00e9motion .&nbsp;<\/p>\t\t\t\t\t\t\t\t<\/div>\n\t\t\t\t<\/div>\n\t\t\t\t\t<\/div>\n\t\t<\/div>\n\t\t\t\t\t<\/div>\n\t\t<\/section>\n\t\t\t\t<section class=\"elementor-section elementor-top-section elementor-element elementor-element-f2fe6e1 elementor-section-boxed elementor-section-height-default elementor-section-height-default\" data-id=\"f2fe6e1\" data-element_type=\"section\" data-e-type=\"section\">\n\t\t\t\t\t\t<div class=\"elementor-container elementor-column-gap-default\">\n\t\t\t\t\t<div class=\"elementor-column elementor-col-33 elementor-top-column elementor-element elementor-element-df3a64d\" data-id=\"df3a64d\" data-element_type=\"column\" data-e-type=\"column\">\n\t\t\t<div class=\"elementor-widget-wrap elementor-element-populated\">\n\t\t\t\t\t\t<div class=\"elementor-element elementor-element-ccda073 elementor-widget elementor-widget-image\" data-id=\"ccda073\" data-element_type=\"widget\" data-e-type=\"widget\" data-widget_type=\"image.default\">\n\t\t\t\t<div class=\"elementor-widget-container\">\n\t\t\t\t\t\t\t\t\t\t\t\t\t\t\t<img fetchpriority=\"high\" decoding=\"async\" width=\"800\" height=\"340\" src=\"https:\/\/lypictures.fr\/wp-content\/uploads\/2022\/01\/film.00_01_43_16.Still013-1024x435.jpg\" class=\"attachment-large size-large wp-image-3191\" alt=\"\" srcset=\"https:\/\/lypictures.fr\/wp-content\/uploads\/2022\/01\/film.00_01_43_16.Still013-1024x435.jpg 1024w, https:\/\/lypictures.fr\/wp-content\/uploads\/2022\/01\/film.00_01_43_16.Still013-300x128.jpg 300w, https:\/\/lypictures.fr\/wp-content\/uploads\/2022\/01\/film.00_01_43_16.Still013-768x326.jpg 768w, https:\/\/lypictures.fr\/wp-content\/uploads\/2022\/01\/film.00_01_43_16.Still013-1536x653.jpg 1536w, https:\/\/lypictures.fr\/wp-content\/uploads\/2022\/01\/film.00_01_43_16.Still013.jpg 1920w\" sizes=\"(max-width: 800px) 100vw, 800px\">\t\t\t\t\t\t\t\t\t\t\t\t\t\t\t<\/div>\n\t\t\t\t<\/div>\n\t\t\t\t\t<\/div>\n\t\t<\/div>\n\t\t\t\t<div class=\"elementor-column elementor-col-33 elementor-top-column elementor-element elementor-element-199a817\" data-id=\"199a817\" data-element_type=\"column\" data-e-type=\"column\">\n\t\t\t<div class=\"elementor-widget-wrap elementor-element-populated\">\n\t\t\t\t\t\t<div class=\"elementor-element elementor-element-78895d0 elementor-widget elementor-widget-image\" data-id=\"78895d0\" data-element_type=\"widget\" data-e-type=\"widget\" data-widget_type=\"image.default\">\n\t\t\t\t<div class=\"elementor-widget-container\">\n\t\t\t\t\t\t\t\t\t\t\t\t\t\t\t<img decoding=\"async\" width=\"800\" height=\"340\" src=\"https:\/\/lypictures.fr\/wp-content\/uploads\/2022\/01\/film.00_02_08_07.Still016-1024x435.jpg\" class=\"attachment-large size-large wp-image-3188\" alt=\"\" srcset=\"https:\/\/lypictures.fr\/wp-content\/uploads\/2022\/01\/film.00_02_08_07.Still016-1024x435.jpg 1024w, https:\/\/lypictures.fr\/wp-content\/uploads\/2022\/01\/film.00_02_08_07.Still016-300x128.jpg 300w, https:\/\/lypictures.fr\/wp-content\/uploads\/2022\/01\/film.00_02_08_07.Still016-768x326.jpg 768w, https:\/\/lypictures.fr\/wp-content\/uploads\/2022\/01\/film.00_02_08_07.Still016-1536x653.jpg 1536w, https:\/\/lypictures.fr\/wp-content\/uploads\/2022\/01\/film.00_02_08_07.Still016.jpg 1920w\" sizes=\"(max-width: 800px) 100vw, 800px\">\t\t\t\t\t\t\t\t\t\t\t\t\t\t\t<\/div>\n\t\t\t\t<\/div>\n\t\t\t\t\t<\/div>\n\t\t<\/div>\n\t\t\t\t<div class=\"elementor-column elementor-col-33 elementor-top-column elementor-element elementor-element-8000998\" data-id=\"8000998\" data-element_type=\"column\" data-e-type=\"column\">\n\t\t\t<div class=\"elementor-widget-wrap elementor-element-populated\">\n\t\t\t\t\t\t<div class=\"elementor-element elementor-element-7e4a51c elementor-widget elementor-widget-image\" data-id=\"7e4a51c\" data-element_type=\"widget\" data-e-type=\"widget\" data-widget_type=\"image.default\">\n\t\t\t\t<div class=\"elementor-widget-container\">\n\t\t\t\t\t\t\t\t\t\t\t\t\t\t\t<img decoding=\"async\" width=\"800\" height=\"340\" src=\"https:\/\/lypictures.fr\/wp-content\/uploads\/2022\/01\/Houppa-domaine-patras4-1024x435.jpg\" class=\"attachment-large size-large wp-image-3198\" alt=\"\" srcset=\"https:\/\/lypictures.fr\/wp-content\/uploads\/2022\/01\/Houppa-domaine-patras4-1024x435.jpg 1024w, https:\/\/lypictures.fr\/wp-content\/uploads\/2022\/01\/Houppa-domaine-patras4-300x128.jpg 300w, https:\/\/lypictures.fr\/wp-content\/uploads\/2022\/01\/Houppa-domaine-patras4-768x326.jpg 768w, https:\/\/lypictures.fr\/wp-content\/uploads\/2022\/01\/Houppa-domaine-patras4-1536x653.jpg 1536w, https:\/\/lypictures.fr\/wp-content\/uploads\/2022\/01\/Houppa-domaine-patras4.jpg 1920w\" sizes=\"(max-width: 800px) 100vw, 800px\">\t\t\t\t\t\t\t\t\t\t\t\t\t\t\t<\/div>\n\t\t\t\t<\/div>\n\t\t\t\t\t<\/div>\n\t\t<\/div>\n\t\t\t\t\t<\/div>\n\t\t<\/section>\n\t\t\t\t<section class=\"elementor-section elementor-top-section elementor-element elementor-element-bee6e64 elementor-section-boxed elementor-section-height-default elementor-section-height-default\" data-id=\"bee6e64\" data-element_type=\"section\" data-e-type=\"section\">\n\t\t\t\t\t\t<div class=\"elementor-container elementor-column-gap-default\">\n\t\t\t\t\t<div class=\"elementor-column elementor-col-100 elementor-top-column elementor-element elementor-element-17de353\" data-id=\"17de353\" data-element_type=\"column\" data-e-type=\"column\">\n\t\t\t<div class=\"elementor-widget-wrap elementor-element-populated\">\n\t\t\t\t\t\t<div class=\"elementor-element elementor-element-ccad907 elementor-widget elementor-widget-spacer\" data-id=\"ccad907\" data-element_type=\"widget\" data-e-type=\"widget\" data-widget_type=\"spacer.default\">\n\t\t\t\t<div class=\"elementor-widget-container\">\n\t\t\t\t\t\t\t<div class=\"elementor-spacer\">\n\t\t\t<div class=\"elementor-spacer-inner\"><\/div>\n\t\t<\/div>\n\t\t\t\t\t\t<\/div>\n\t\t\t\t<\/div>\n\t\t\t\t<div class=\"elementor-element elementor-element-6ecb085 elementor-widget elementor-widget-text-editor\" data-id=\"6ecb085\" data-element_type=\"widget\" data-e-type=\"widget\" data-widget_type=\"text-editor.default\">\n\t\t\t\t<div class=\"elementor-widget-container\">\n\t\t\t\t\t\t\t\t\t<p>La c\u00e9r\u00e9monie sur le bord du lac fut un moment magique. Ce lieu en<b> Dr\u00f4me proven\u00e7ale<\/b> a offert \u00e0 nos jeunes mari\u00e9s un cadre splendide que l&rsquo;on trouve uniquement dans le <b>sud de la France <\/b>. C est donc sous un soleil \u00e9clatant et avec des gens aimants que nous avons couvert cette<b> houppa unique<\/b> . Carla et David se sont laiss\u00e9s aller \u00e0 leur joie, leur amour, je vous laisse le d\u00e9couvrir par vous m\u00eame sur ce film riche en \u00e9motions<\/p>\t\t\t\t\t\t\t\t<\/div>\n\t\t\t\t<\/div>\n\t\t\t\t<div class=\"elementor-element elementor-element-75c4738 elementor-widget elementor-widget-heading\" data-id=\"75c4738\" data-element_type=\"widget\" data-e-type=\"widget\" data-widget_type=\"heading.default\">\n\t\t\t\t<div class=\"elementor-widget-container\">\n\t\t\t\t\t<h2 class=\"elementor-heading-title elementor-size-default\">Film de mariage <\/h2>\t\t\t\t<\/div>\n\t\t\t\t<\/div>\n\t\t\t\t<div class=\"elementor-element elementor-element-239d755 elementor-widget elementor-widget-spacer\" data-id=\"239d755\" data-element_type=\"widget\" data-e-type=\"widget\" data-widget_type=\"spacer.default\">\n\t\t\t\t<div class=\"elementor-widget-container\">\n\t\t\t\t\t\t\t<div class=\"elementor-spacer\">\n\t\t\t<div class=\"elementor-spacer-inner\"><\/div>\n\t\t<\/div>\n\t\t\t\t\t\t<\/div>\n\t\t\t\t<\/div>\n\t\t\t\t<div class=\"elementor-element elementor-element-38380ff elementor-widget elementor-widget-heading\" data-id=\"38380ff\" data-element_type=\"widget\" data-e-type=\"widget\" data-widget_type=\"heading.default\">\n\t\t\t\t<div class=\"elementor-widget-container\">\n\t\t\t\t\t<h3 class=\"elementor-heading-title elementor-size-default\">A life with you<\/h3>\t\t\t\t<\/div>\n\t\t\t\t<\/div>\n\t\t\t\t\t<\/div>\n\t\t<\/div>\n\t\t\t\t\t<\/div>\n\t\t<\/section>\n\t\t\t\t<section class=\"elementor-section elementor-top-section elementor-element elementor-element-9a4a2bd elementor-section-boxed elementor-section-height-default elementor-section-height-default\" data-id=\"9a4a2bd\" data-element_type=\"section\" data-e-type=\"section\">\n\t\t\t\t\t\t<div class=\"elementor-container elementor-column-gap-default\">\n\t\t\t\t\t<div class=\"elementor-column elementor-col-100 elementor-top-column elementor-element elementor-element-dad806c\" data-id=\"dad806c\" data-element_type=\"column\" data-e-type=\"column\">\n\t\t\t<div class=\"elementor-widget-wrap elementor-element-populated\">\n\t\t\t\t\t\t<div class=\"elementor-element elementor-element-4b0c0fb elementor-widget elementor-widget-video\" data-id=\"4b0c0fb\" data-element_type=\"widget\" data-e-type=\"widget\" data-settings=\"{&quot;youtube_url&quot;:&quot;https:\\\/\\\/www.youtube.com\\\/watch?v=DCfw8xIdD34&amp;t=3s&quot;,&quot;show_image_overlay&quot;:&quot;yes&quot;,&quot;image_overlay&quot;:{&quot;url&quot;:&quot;https:\\\/\\\/lypictures.fr\\\/wp-content\\\/uploads\\\/2022\\\/01\\\/Houppa-domaine-patras5.jpg&quot;,&quot;id&quot;:3197,&quot;size&quot;:&quot;&quot;,&quot;alt&quot;:&quot;&quot;,&quot;source&quot;:&quot;library&quot;},&quot;lightbox&quot;:&quot;yes&quot;,&quot;video_type&quot;:&quot;youtube&quot;,&quot;controls&quot;:&quot;yes&quot;}\" data-widget_type=\"video.default\">\n\t\t\t\t<div class=\"elementor-widget-container\">\n\t\t\t\t\t\t\t<div class=\"elementor-wrapper elementor-open-lightbox\">\n\t\t\t\t\t\t\t<div class=\"elementor-custom-embed-image-overlay\" data-elementor-open-lightbox=\"yes\" data-elementor-lightbox=\"{&quot;type&quot;:&quot;video&quot;,&quot;videoType&quot;:&quot;youtube&quot;,&quot;url&quot;:&quot;https:\\\/\\\/www.youtube.com\\\/embed\\\/DCfw8xIdD34?feature=oembed&amp;start&amp;end&amp;wmode=opaque&amp;loop=0&amp;controls=1&amp;mute=0&amp;rel=0&amp;cc_load_policy=0&quot;,&quot;autoplay&quot;:&quot;&quot;,&quot;modalOptions&quot;:{&quot;id&quot;:&quot;elementor-lightbox-4b0c0fb&quot;,&quot;entranceAnimation&quot;:&quot;&quot;,&quot;entranceAnimation_tablet&quot;:&quot;&quot;,&quot;entranceAnimation_mobile&quot;:&quot;&quot;,&quot;videoAspectRatio&quot;:&quot;169&quot;}}\" data-e-action-hash=\"#elementor-action%3Aaction%3Dlightbox%26settings%3DeyJ0eXBlIjoidmlkZW8iLCJ2aWRlb1R5cGUiOiJ5b3V0dWJlIiwidXJsIjoiaHR0cHM6XC9cL3d3dy55b3V0dWJlLmNvbVwvZW1iZWRcL0RDZnc4eElkRDM0P2ZlYXR1cmU9b2VtYmVkJnN0YXJ0JmVuZCZ3bW9kZT1vcGFxdWUmbG9vcD0wJmNvbnRyb2xzPTEmbXV0ZT0wJnJlbD0wJmNjX2xvYWRfcG9saWN5PTAiLCJhdXRvcGxheSI6IiIsIm1vZGFsT3B0aW9ucyI6eyJpZCI6ImVsZW1lbnRvci1saWdodGJveC00YjBjMGZiIiwiZW50cmFuY2VBbmltYXRpb24iOiIiLCJlbnRyYW5jZUFuaW1hdGlvbl90YWJsZXQiOiIiLCJlbnRyYW5jZUFuaW1hdGlvbl9tb2JpbGUiOiIiLCJ2aWRlb0FzcGVjdFJhdGlvIjoiMTY5In19\">\n\t\t\t\t\t\t\t\t\t\t\t<img loading=\"lazy\" decoding=\"async\" width=\"1920\" height=\"816\" src=\"https:\/\/lypictures.fr\/wp-content\/uploads\/2022\/01\/Houppa-domaine-patras5.jpg\" class=\"attachment-full size-full wp-image-3197\" alt=\"\" srcset=\"https:\/\/lypictures.fr\/wp-content\/uploads\/2022\/01\/Houppa-domaine-patras5.jpg 1920w, https:\/\/lypictures.fr\/wp-content\/uploads\/2022\/01\/Houppa-domaine-patras5-300x128.jpg 300w, https:\/\/lypictures.fr\/wp-content\/uploads\/2022\/01\/Houppa-domaine-patras5-1024x435.jpg 1024w, https:\/\/lypictures.fr\/wp-content\/uploads\/2022\/01\/Houppa-domaine-patras5-768x326.jpg 768w, https:\/\/lypictures.fr\/wp-content\/uploads\/2022\/01\/Houppa-domaine-patras5-1536x653.jpg 1536w\" sizes=\"(max-width: 1920px) 100vw, 1920px\">\t\t\t\t\t\t\t\t\t\t\t\t\t\t\t\t<div class=\"elementor-custom-embed-play\" role=\"button\" aria-label=\"Lire la vid\u00e9o\" tabindex=\"0\">\n\t\t\t\t\t\t\t<i aria-hidden=\"true\" class=\"eicon-play\"><\/i>\t\t\t\t\t\t<\/div>\n\t\t\t\t\t\t\t\t\t<\/div>\n\t\t\t\t\t<\/div>\n\t\t\t\t\t\t<\/div>\n\t\t\t\t<\/div>\n\t\t\t\t\t<\/div>\n\t\t<\/div>\n\t\t\t\t\t<\/div>\n\t\t<\/section>\n\t\t\t\t<section class=\"elementor-section elementor-top-section elementor-element elementor-element-febc84e elementor-section-boxed elementor-section-height-default elementor-section-height-default\" data-id=\"febc84e\" data-element_type=\"section\" data-e-type=\"section\">\n\t\t\t\t\t\t<div class=\"elementor-container elementor-column-gap-default\">\n\t\t\t\t\t<div class=\"elementor-column elementor-col-33 elementor-top-column elementor-element elementor-element-e96b5ce\" data-id=\"e96b5ce\" data-element_type=\"column\" data-e-type=\"column\">\n\t\t\t<div class=\"elementor-widget-wrap elementor-element-populated\">\n\t\t\t\t\t\t<div class=\"elementor-element elementor-element-de44157 elementor-widget elementor-widget-image\" data-id=\"de44157\" data-element_type=\"widget\" data-e-type=\"widget\" data-widget_type=\"image.default\">\n\t\t\t\t<div class=\"elementor-widget-container\">\n\t\t\t\t\t\t\t\t\t\t\t\t\t\t\t<img loading=\"lazy\" decoding=\"async\" width=\"800\" height=\"340\" src=\"https:\/\/lypictures.fr\/wp-content\/uploads\/2022\/01\/Houppa-domaine-patras5-1024x435.jpg\" class=\"attachment-large size-large wp-image-3197\" alt=\"\" srcset=\"https:\/\/lypictures.fr\/wp-content\/uploads\/2022\/01\/Houppa-domaine-patras5-1024x435.jpg 1024w, https:\/\/lypictures.fr\/wp-content\/uploads\/2022\/01\/Houppa-domaine-patras5-300x128.jpg 300w, https:\/\/lypictures.fr\/wp-content\/uploads\/2022\/01\/Houppa-domaine-patras5-768x326.jpg 768w, https:\/\/lypictures.fr\/wp-content\/uploads\/2022\/01\/Houppa-domaine-patras5-1536x653.jpg 1536w, https:\/\/lypictures.fr\/wp-content\/uploads\/2022\/01\/Houppa-domaine-patras5.jpg 1920w\" sizes=\"(max-width: 800px) 100vw, 800px\">\t\t\t\t\t\t\t\t\t\t\t\t\t\t\t<\/div>\n\t\t\t\t<\/div>\n\t\t\t\t\t<\/div>\n\t\t<\/div>\n\t\t\t\t<div class=\"elementor-column elementor-col-33 elementor-top-column elementor-element elementor-element-868c37a\" data-id=\"868c37a\" data-element_type=\"column\" data-e-type=\"column\">\n\t\t\t<div class=\"elementor-widget-wrap elementor-element-populated\">\n\t\t\t\t\t\t<div class=\"elementor-element elementor-element-441c7b3 elementor-widget elementor-widget-image\" data-id=\"441c7b3\" data-element_type=\"widget\" data-e-type=\"widget\" data-widget_type=\"image.default\">\n\t\t\t\t<div class=\"elementor-widget-container\">\n\t\t\t\t\t\t\t\t\t\t\t\t\t\t\t<img loading=\"lazy\" decoding=\"async\" width=\"800\" height=\"340\" src=\"https:\/\/lypictures.fr\/wp-content\/uploads\/2022\/01\/film.00_06_12_11.Still027-1024x435.jpg\" class=\"attachment-large size-large wp-image-3177\" alt=\"\" srcset=\"https:\/\/lypictures.fr\/wp-content\/uploads\/2022\/01\/film.00_06_12_11.Still027-1024x435.jpg 1024w, https:\/\/lypictures.fr\/wp-content\/uploads\/2022\/01\/film.00_06_12_11.Still027-300x128.jpg 300w, https:\/\/lypictures.fr\/wp-content\/uploads\/2022\/01\/film.00_06_12_11.Still027-768x326.jpg 768w, https:\/\/lypictures.fr\/wp-content\/uploads\/2022\/01\/film.00_06_12_11.Still027-1536x653.jpg 1536w, https:\/\/lypictures.fr\/wp-content\/uploads\/2022\/01\/film.00_06_12_11.Still027.jpg 1920w\" sizes=\"(max-width: 800px) 100vw, 800px\">\t\t\t\t\t\t\t\t\t\t\t\t\t\t\t<\/div>\n\t\t\t\t<\/div>\n\t\t\t\t\t<\/div>\n\t\t<\/div>\n\t\t\t\t<div class=\"elementor-column elementor-col-33 elementor-top-column elementor-element elementor-element-33116ad\" data-id=\"33116ad\" data-element_type=\"column\" data-e-type=\"column\">\n\t\t\t<div class=\"elementor-widget-wrap elementor-element-populated\">\n\t\t\t\t\t\t<div class=\"elementor-element elementor-element-4d46b4c elementor-widget elementor-widget-image\" data-id=\"4d46b4c\" data-element_type=\"widget\" data-e-type=\"widget\" data-widget_type=\"image.default\">\n\t\t\t\t<div class=\"elementor-widget-container\">\n\t\t\t\t\t\t\t\t\t\t\t\t\t\t\t<img loading=\"lazy\" decoding=\"async\" width=\"800\" height=\"340\" src=\"https:\/\/lypictures.fr\/wp-content\/uploads\/2022\/01\/film.00_04_28_24.Still023-1024x435.jpg\" class=\"attachment-large size-large wp-image-3181\" alt=\"\" srcset=\"https:\/\/lypictures.fr\/wp-content\/uploads\/2022\/01\/film.00_04_28_24.Still023-1024x435.jpg 1024w, https:\/\/lypictures.fr\/wp-content\/uploads\/2022\/01\/film.00_04_28_24.Still023-300x128.jpg 300w, https:\/\/lypictures.fr\/wp-content\/uploads\/2022\/01\/film.00_04_28_24.Still023-768x326.jpg 768w, https:\/\/lypictures.fr\/wp-content\/uploads\/2022\/01\/film.00_04_28_24.Still023-1536x653.jpg 1536w, https:\/\/lypictures.fr\/wp-content\/uploads\/2022\/01\/film.00_04_28_24.Still023.jpg 1920w\" sizes=\"(max-width: 800px) 100vw, 800px\">\t\t\t\t\t\t\t\t\t\t\t\t\t\t\t<\/div>\n\t\t\t\t<\/div>\n\t\t\t\t\t<\/div>\n\t\t<\/div>\n\t\t\t\t\t<\/div>\n\t\t<\/section>\n\t\t\t\t<section class=\"elementor-section elementor-top-section elementor-element elementor-element-f809f22 elementor-section-boxed elementor-section-height-default elementor-section-height-default\" data-id=\"f809f22\" data-element_type=\"section\" data-e-type=\"section\">\n\t\t\t\t\t\t<div class=\"elementor-container elementor-column-gap-default\">\n\t\t\t\t\t<div class=\"elementor-column elementor-col-100 elementor-top-column elementor-element elementor-element-57641c5\" data-id=\"57641c5\" data-element_type=\"column\" data-e-type=\"column\">\n\t\t\t<div class=\"elementor-widget-wrap elementor-element-populated\">\n\t\t\t\t\t\t<div class=\"elementor-element elementor-element-ac30759 elementor-widget elementor-widget-text-editor\" data-id=\"ac30759\" data-element_type=\"widget\" data-e-type=\"widget\" data-widget_type=\"text-editor.default\">\n\t\t\t\t<div class=\"elementor-widget-container\">\n\t\t\t\t\t\t\t\t\t<p>Photographe\u00a0 \u00a0 <a href=\"https:\/\/benlevy.photo\/\" target=\"_blank\" rel=\"noopener\"><span style=\"text-decoration: underline;\">Ben Levy<\/span><\/a><\/p><p>Fleurs\u00a0 \u00a0 \u00a0 \u00a0 \u00a0 \u00a0 \u00a0<a href=\"https:\/\/www.atelierprairies.com\/\" target=\"_blank\" rel=\"noopener\"><span style=\"text-decoration: underline;\">Atelier Prairies<\/span><\/a><\/p><p>Robe\u00a0 \u00a0 \u00a0 \u00a0 \u00a0 \u00a0 \u00a0\u00a0<a href=\"https:\/\/www.celestina-agostino.com\/\" target=\"_blank\" rel=\"noopener\"><span style=\"text-decoration: underline;\">Celestina Agostino<\/span><\/a><\/p><p>Groupe\u00a0 \u00a0 \u00a0 \u00a0\u00a0 \u00a0<a href=\"https:\/\/rosemusic.io\/\" target=\"_blank\" rel=\"noopener\"><span style=\"text-decoration: underline;\">Rose music\u00a0<\/span><\/a> \u00a0<\/p><p>R\u00e9ception\u00a0 \u00a0 \u00a0<a href=\"https:\/\/lesdomainesdepatras.fr\/\" target=\"_blank\" rel=\"noopener\"><span style=\"text-decoration: underline;\">Domaine de Patras<\/span><\/a><\/p><p>Wedding Planner <a href=\"https:\/\/www.mc2monamour.com\/\" target=\"_blank\" rel=\"noopener\"><span style=\"text-decoration: underline;\">Mc 2 mon amour<\/span><\/a><\/p><p>\u00a0<\/p>\t\t\t\t\t\t\t\t<\/div>\n\t\t\t\t<\/div>\n\t\t\t\t<div class=\"elementor-element elementor-element-930c02f elementor-align-center elementor-widget elementor-widget-button\" data-id=\"930c02f\" data-element_type=\"widget\" data-e-type=\"widget\" data-widget_type=\"button.default\">\n\t\t\t\t<div class=\"elementor-widget-container\">\n\t\t\t\t\t\t\t\t\t<div class=\"elementor-button-wrapper\">\n\t\t\t\t\t<a class=\"elementor-button elementor-button-link elementor-size-md\" href=\"https:\/\/lypictures.fr\/en\/video-de-mariage-a-la-magnanerie-de-saint-isidore\/\">\n\t\t\t\t\t\t<span class=\"elementor-button-content-wrapper\">\n\t\t\t\t\t\t\t\t\t<span class=\"elementor-button-text\">Film suivant<\/span>\n\t\t\t\t\t<\/span>\n\t\t\t\t\t<\/a>\n\t\t\t\t<\/div>\n\t\t\t\t\t\t\t\t<\/div>\n\t\t\t\t<\/div>\n\t\t\t\t\t<\/div>\n\t\t<\/div>\n\t\t\t\t\t<\/div>\n\t\t<\/section>\n\t\t\t\t<\/div>","protected":false},"excerpt":{"rendered":"<p>Un mariage au Domaine de Patras C est dans ce lieu d&rsquo;exception qu&rsquo;est&nbsp;le domaine de Patras&nbsp;que Carla et David ont d\u00e9cid\u00e9 de s&rsquo;unir. Leurs v\u0153ux de mariage prononc\u00e9s sous la Houppa comme le veut la tradition juive ont laiss\u00e9 leurs invit\u00e9s se faire envahir par l \u00e9motion .&nbsp; La c\u00e9r\u00e9monie sur le bord du lac [&hellip;]<\/p>","protected":false},"author":2,"featured_media":3175,"parent":0,"menu_order":26,"comment_status":"closed","ping_status":"closed","template":"","meta":{"footnotes":""},"class_list":["post-3173","page","type-page","status-publish","has-post-thumbnail","hentry"],"_links":{"self":[{"href":"https:\/\/lypictures.fr\/en\/wp-json\/wp\/v2\/pages\/3173","targetHints":{"allow":["GET"]}}],"collection":[{"href":"https:\/\/lypictures.fr\/en\/wp-json\/wp\/v2\/pages"}],"about":[{"href":"https:\/\/lypictures.fr\/en\/wp-json\/wp\/v2\/types\/page"}],"author":[{"embeddable":true,"href":"https:\/\/lypictures.fr\/en\/wp-json\/wp\/v2\/users\/2"}],"replies":[{"embeddable":true,"href":"https:\/\/lypictures.fr\/en\/wp-json\/wp\/v2\/comments?post=3173"}],"version-history":[{"count":7,"href":"https:\/\/lypictures.fr\/en\/wp-json\/wp\/v2\/pages\/3173\/revisions"}],"predecessor-version":[{"id":3528,"href":"https:\/\/lypictures.fr\/en\/wp-json\/wp\/v2\/pages\/3173\/revisions\/3528"}],"wp:featuredmedia":[{"embeddable":true,"href":"https:\/\/lypictures.fr\/en\/wp-json\/wp\/v2\/media\/3175"}],"wp:attachment":[{"href":"https:\/\/lypictures.fr\/en\/wp-json\/wp\/v2\/media?parent=3173"}],"curies":[{"name":"wp","href":"https:\/\/api.w.org\/{rel}","templated":true}]}}