{"id":101,"date":"2021-02-03T18:59:05","date_gmt":"2021-02-03T17:59:05","guid":{"rendered":"http:\/\/2021.lypictures.fr\/?page_id=101"},"modified":"2024-02-08T12:54:31","modified_gmt":"2024-02-08T11:54:31","slug":"package","status":"publish","type":"page","link":"https:\/\/lypictures.fr\/en\/package\/","title":{"rendered":"Services"},"content":{"rendered":"<div data-elementor-type=\"wp-page\" data-elementor-id=\"101\" class=\"elementor elementor-101\" data-elementor-post-type=\"page\">\n\t\t\t\t\t\t<section class=\"elementor-section elementor-top-section elementor-element elementor-element-b500955 elementor-section-boxed elementor-section-height-default elementor-section-height-default\" data-id=\"b500955\" data-element_type=\"section\" data-e-type=\"section\">\n\t\t\t\t\t\t<div class=\"elementor-container elementor-column-gap-default\">\n\t\t\t\t\t<div class=\"elementor-column elementor-col-100 elementor-top-column elementor-element elementor-element-6c7a4f0\" data-id=\"6c7a4f0\" data-element_type=\"column\" data-e-type=\"column\">\n\t\t\t<div class=\"elementor-widget-wrap elementor-element-populated\">\n\t\t\t\t\t\t<div class=\"elementor-element elementor-element-653e054 elementor-widget elementor-widget-image\" data-id=\"653e054\" data-element_type=\"widget\" data-e-type=\"widget\" data-widget_type=\"image.default\">\n\t\t\t\t<div class=\"elementor-widget-container\">\n\t\t\t\t\t\t\t\t\t\t\t\t<figure class=\"wp-caption\">\n\t\t\t\t\t\t\t\t\t\t<img fetchpriority=\"high\" decoding=\"async\" width=\"768\" height=\"326\" src=\"https:\/\/lypictures.fr\/wp-content\/uploads\/2022\/08\/film-de-mariage-le-sauvage--768x326.jpg\" class=\"attachment-medium_large size-medium_large wp-image-3444\" alt=\"\" srcset=\"https:\/\/lypictures.fr\/wp-content\/uploads\/2022\/08\/film-de-mariage-le-sauvage--768x326.jpg 768w, https:\/\/lypictures.fr\/wp-content\/uploads\/2022\/08\/film-de-mariage-le-sauvage--300x128.jpg 300w, https:\/\/lypictures.fr\/wp-content\/uploads\/2022\/08\/film-de-mariage-le-sauvage--1024x435.jpg 1024w, https:\/\/lypictures.fr\/wp-content\/uploads\/2022\/08\/film-de-mariage-le-sauvage--1536x653.jpg 1536w, https:\/\/lypictures.fr\/wp-content\/uploads\/2022\/08\/film-de-mariage-le-sauvage-.jpg 1920w\" sizes=\"(max-width: 768px) 100vw, 768px\">\t\t\t\t\t\t\t\t\t\t\t<figcaption class=\"widget-image-caption wp-caption-text\"><\/figcaption>\n\t\t\t\t\t\t\t\t\t\t<\/figure>\n\t\t\t\t\t\t\t\t\t<\/div>\n\t\t\t\t<\/div>\n\t\t\t\t\t<\/div>\n\t\t<\/div>\n\t\t\t\t\t<\/div>\n\t\t<\/section>\n\t\t\t\t<section class=\"elementor-section elementor-top-section elementor-element elementor-element-5d81beb elementor-section-boxed elementor-section-height-default elementor-section-height-default\" data-id=\"5d81beb\" data-element_type=\"section\" data-e-type=\"section\">\n\t\t\t\t\t\t<div class=\"elementor-container elementor-column-gap-default\">\n\t\t\t\t\t<div class=\"elementor-column elementor-col-100 elementor-top-column elementor-element elementor-element-024a24d\" data-id=\"024a24d\" data-element_type=\"column\" data-e-type=\"column\">\n\t\t\t<div class=\"elementor-widget-wrap elementor-element-populated\">\n\t\t\t\t\t\t<div class=\"elementor-element elementor-element-80a45af elementor-widget elementor-widget-heading\" data-id=\"80a45af\" data-element_type=\"widget\" data-e-type=\"widget\" data-widget_type=\"heading.default\">\n\t\t\t\t<div class=\"elementor-widget-container\">\n\t\t\t\t\t<h1 class=\"elementor-heading-title elementor-size-large\">Services<\/h1>\t\t\t\t<\/div>\n\t\t\t\t<\/div>\n\t\t\t\t<div class=\"elementor-element elementor-element-1494e8c elementor-widget elementor-widget-text-editor\" data-id=\"1494e8c\" data-element_type=\"widget\" data-e-type=\"widget\" data-widget_type=\"text-editor.default\">\n\t\t\t\t<div class=\"elementor-widget-container\">\n\t\t\t\t\t\t\t\t\t<p>Votre mariage est une journ\u00e9e sur votre amour. Un amour sp\u00e9cial qui vous lie \u00e0 votre <strong>partenaire<\/strong>. Ce lien si fort que vous avez cr\u00e9\u00e9 fait de ce jour un instant grav\u00e9 \u00e0 jamais. Il y a forte histoire entre vous, ces moments qui font qu&rsquo;aujourd&rsquo;hui votre couple c&rsquo;est inscrit dans une v\u00e9ritable aventure. Et nous sommes l\u00e0 pour <strong>capturer<\/strong> cela de la meilleure fa\u00e7on possible pour que vous puissiez le revivre intens\u00e9ment.<\/p><p>Nous capturons tous ces moments uniques, l&rsquo;ambiance avec vos proches, les larmes et les rires. Mais aussi tous les <strong>d\u00e9tails<\/strong> que vous avez soigneusement s\u00e9lectionn\u00e9s pour le jour de votre mariage. Parce que nous pensons que tous les sentiments devraient refaire surface en revoyant la vid\u00e9o, plusieurs ann\u00e9es apr\u00e8s. Nous faisons en sorte d&rsquo;obtenir la meilleure qualit\u00e9 d&rsquo;image, les plus beaux discours, les plus belles couleurs. C\u2019est pourquoi nous r\u00e9alisons des films de mariage <strong>uniques et intemporels<\/strong> ax\u00e9s sur l\u2019\u00e9motion.<\/p>\t\t\t\t\t\t\t\t<\/div>\n\t\t\t\t<\/div>\n\t\t\t\t\t<\/div>\n\t\t<\/div>\n\t\t\t\t\t<\/div>\n\t\t<\/section>\n\t\t\t\t<section class=\"elementor-section elementor-top-section elementor-element elementor-element-1730e89 elementor-section-boxed elementor-section-height-default elementor-section-height-default\" data-id=\"1730e89\" data-element_type=\"section\" data-e-type=\"section\">\n\t\t\t\t\t\t<div class=\"elementor-container elementor-column-gap-default\">\n\t\t\t\t\t<div class=\"elementor-column elementor-col-100 elementor-top-column elementor-element elementor-element-4e112b1\" data-id=\"4e112b1\" data-element_type=\"column\" data-e-type=\"column\">\n\t\t\t<div class=\"elementor-widget-wrap elementor-element-populated\">\n\t\t\t\t\t\t<div class=\"elementor-element elementor-element-2850d52 elementor-widget elementor-widget-spacer\" data-id=\"2850d52\" data-element_type=\"widget\" data-e-type=\"widget\" data-widget_type=\"spacer.default\">\n\t\t\t\t<div class=\"elementor-widget-container\">\n\t\t\t\t\t\t\t<div class=\"elementor-spacer\">\n\t\t\t<div class=\"elementor-spacer-inner\"><\/div>\n\t\t<\/div>\n\t\t\t\t\t\t<\/div>\n\t\t\t\t<\/div>\n\t\t\t\t<div class=\"elementor-element elementor-element-e6ddc51 elementor-widget-divider--view-line elementor-widget elementor-widget-divider\" data-id=\"e6ddc51\" data-element_type=\"widget\" data-e-type=\"widget\" data-widget_type=\"divider.default\">\n\t\t\t\t<div class=\"elementor-widget-container\">\n\t\t\t\t\t\t\t<div class=\"elementor-divider\">\n\t\t\t<span class=\"elementor-divider-separator\">\n\t\t\t\t\t\t<\/span>\n\t\t<\/div>\n\t\t\t\t\t\t<\/div>\n\t\t\t\t<\/div>\n\t\t\t\t<div class=\"elementor-element elementor-element-6f34e02 elementor-widget elementor-widget-text-editor\" data-id=\"6f34e02\" data-element_type=\"widget\" data-e-type=\"widget\" data-widget_type=\"text-editor.default\">\n\t\t\t\t<div class=\"elementor-widget-container\">\n\t\t\t\t\t\t\t\t\t<p><span style=\"text-decoration: underline;\">Notre \u00e9quipe<\/span><\/p><p>Une \u00e9quipe, un <strong>couple<\/strong>, une famille avec des ann\u00e9es d&rsquo;exp\u00e9rience chacun dans leur domaine pour la r\u00e9alisation de films et photos de mariage. En tant qu&rsquo;\u00e9quipe <strong>mari et femme<\/strong>, nous sommes <strong>compl\u00e9mentaires<\/strong> et ne nous g\u00eanons jamais nous nous connaissons par c\u0153ur. Elle est celle qui partage ma vie et avec qui je vois l&rsquo;avenir. Je propose souvent de filmer un mariage \u00e0 deux, c&rsquo;est un gage de qualit\u00e9 suppl\u00e9mentaire pour votre film, <strong>votre souvenir<\/strong>. Nous proposons aussi des <a href=\"https:\/\/lypictures.fr\/en\/accueil2\/photographe-mariage-provence\/\" target=\"_blank\" rel=\"noopener\"><strong>photos de mariage<\/strong><\/a> car il est vraiment plus agr\u00e9able de travailler avec quelqu&rsquo;un que l&rsquo;on connait. J&rsquo;ai aussi des photographes exceptionnels avec qui j&rsquo;adore travailler, je pourrais si vous souhaitez un style particuliers vous aiguiller vers eux.<\/p>\t\t\t\t\t\t\t\t<\/div>\n\t\t\t\t<\/div>\n\t\t\t\t<div class=\"elementor-element elementor-element-2792c33 elementor-widget-divider--view-line elementor-widget elementor-widget-divider\" data-id=\"2792c33\" data-element_type=\"widget\" data-e-type=\"widget\" data-widget_type=\"divider.default\">\n\t\t\t\t<div class=\"elementor-widget-container\">\n\t\t\t\t\t\t\t<div class=\"elementor-divider\">\n\t\t\t<span class=\"elementor-divider-separator\">\n\t\t\t\t\t\t<\/span>\n\t\t<\/div>\n\t\t\t\t\t\t<\/div>\n\t\t\t\t<\/div>\n\t\t\t\t<div class=\"elementor-element elementor-element-13ecca5 elementor-widget elementor-widget-spacer\" data-id=\"13ecca5\" data-element_type=\"widget\" data-e-type=\"widget\" data-widget_type=\"spacer.default\">\n\t\t\t\t<div class=\"elementor-widget-container\">\n\t\t\t\t\t\t\t<div class=\"elementor-spacer\">\n\t\t\t<div class=\"elementor-spacer-inner\"><\/div>\n\t\t<\/div>\n\t\t\t\t\t\t<\/div>\n\t\t\t\t<\/div>\n\t\t\t\t\t<\/div>\n\t\t<\/div>\n\t\t\t\t\t<\/div>\n\t\t<\/section>\n\t\t\t\t<section class=\"elementor-section elementor-top-section elementor-element elementor-element-efc4659 elementor-section-boxed elementor-section-height-default elementor-section-height-default\" data-id=\"efc4659\" data-element_type=\"section\" data-e-type=\"section\">\n\t\t\t\t\t\t<div class=\"elementor-container elementor-column-gap-default\">\n\t\t\t\t\t<div class=\"elementor-column elementor-col-66 elementor-top-column elementor-element elementor-element-d57f839\" data-id=\"d57f839\" data-element_type=\"column\" data-e-type=\"column\">\n\t\t\t<div class=\"elementor-widget-wrap elementor-element-populated\">\n\t\t\t\t\t\t<div class=\"elementor-element elementor-element-9b0f46c elementor-widget elementor-widget-text-editor\" data-id=\"9b0f46c\" data-element_type=\"widget\" data-e-type=\"widget\" data-widget_type=\"text-editor.default\">\n\t\t\t\t<div class=\"elementor-widget-container\">\n\t\t\t\t\t\t\t\t\t<p><span style=\"text-decoration: underline;\">\"Cinematic Wedding Film\"<\/span><\/p><p><span style=\"text-decoration: underline;\">\u00a0<\/span><\/p><p><span style=\"text-decoration: underline;\"><strong>FILM CINEMATOGRAPHIQUE<\/strong><\/span><\/p><p>Ce film de <strong>5 \u00e0 8 minutes<\/strong>\u00a0est un condens\u00e9 d&rsquo;images artistiques et\u00a0cin\u00e9matographiques de cette journ\u00e9e. Un moment intense, un souvenir artistique entre dynamisme et <strong>esth\u00e9tique<\/strong> de l&rsquo;image. Ce film<span style=\"color: var( --e-global-color-secondary ); font-size: 1rem;\">\u00a0permet d&rsquo;int\u00e9grer une vraie histoire sur les plus beaux moments s\u00e9lectionn\u00e9s.<\/span><span style=\"color: var( --e-global-color-secondary ); font-size: 1rem;\">\u00a0<\/span><span style=\"color: var( --e-global-color-secondary ); font-size: 1rem;\"><b>Images fortes<\/b><\/span><span style=\"color: var( --e-global-color-secondary ); font-size: 1rem;\">, discours int\u00e9gr\u00e9s pour d\u00e9gager les plus <b>fortes \u00e9motions<\/b>, des choix musicaux adapt\u00e9s et mont\u00e9s dans une direction cin\u00e9matographique parfaite pour transmettre un rendu<\/span><span style=\"color: var( --e-global-color-secondary ); font-size: 1rem;\">\u00a0qualitatif\u00a0<\/span><span style=\"color: var( --e-global-color-secondary ); font-size: 1rem;\">de cette journ\u00e9e.<\/span><span style=\"color: var( --e-global-color-secondary ); font-size: 1rem;\">\u00a0<\/span><\/p><p><u><b>OPTION LONG METRAGE<\/b><\/u><\/p><p>Ce long m\u00e9trage propos\u00e9 en option est un film de\u00a015 \u00e0 20 minutes\u00a0qui retrace tous les moments de votre journ\u00e9e. Plus traditionnel et chronologique. Accompagn\u00e9 d&rsquo;un second vid\u00e9aste pour multiplier les angles de prise de vue.\u00a0<\/p><p>\u00a0<\/p>\t\t\t\t\t\t\t\t<\/div>\n\t\t\t\t<\/div>\n\t\t\t\t\t<\/div>\n\t\t<\/div>\n\t\t\t\t<div class=\"elementor-column elementor-col-33 elementor-top-column elementor-element elementor-element-a5c08d8\" data-id=\"a5c08d8\" data-element_type=\"column\" data-e-type=\"column\">\n\t\t\t<div class=\"elementor-widget-wrap elementor-element-populated\">\n\t\t\t\t\t\t<div class=\"elementor-element elementor-element-d19e5d9 elementor-widget elementor-widget-spacer\" data-id=\"d19e5d9\" data-element_type=\"widget\" data-e-type=\"widget\" data-widget_type=\"spacer.default\">\n\t\t\t\t<div class=\"elementor-widget-container\">\n\t\t\t\t\t\t\t<div class=\"elementor-spacer\">\n\t\t\t<div class=\"elementor-spacer-inner\"><\/div>\n\t\t<\/div>\n\t\t\t\t\t\t<\/div>\n\t\t\t\t<\/div>\n\t\t\t\t<div class=\"elementor-element elementor-element-8094f1a elementor-widget elementor-widget-image\" data-id=\"8094f1a\" data-element_type=\"widget\" data-e-type=\"widget\" data-widget_type=\"image.default\">\n\t\t\t\t<div class=\"elementor-widget-container\">\n\t\t\t\t\t\t\t\t\t\t\t\t\t\t\t<img decoding=\"async\" width=\"800\" height=\"533\" src=\"https:\/\/lypictures.fr\/wp-content\/uploads\/2021\/02\/videaste-mariage-chateau-beauchene-8-1.jpg\" class=\"attachment-large size-large wp-image-1030\" alt=\"\" srcset=\"https:\/\/lypictures.fr\/wp-content\/uploads\/2021\/02\/videaste-mariage-chateau-beauchene-8-1.jpg 845w, https:\/\/lypictures.fr\/wp-content\/uploads\/2021\/02\/videaste-mariage-chateau-beauchene-8-1-300x200.jpg 300w, https:\/\/lypictures.fr\/wp-content\/uploads\/2021\/02\/videaste-mariage-chateau-beauchene-8-1-768x512.jpg 768w\" sizes=\"(max-width: 800px) 100vw, 800px\">\t\t\t\t\t\t\t\t\t\t\t\t\t\t\t<\/div>\n\t\t\t\t<\/div>\n\t\t\t\t\t<\/div>\n\t\t<\/div>\n\t\t\t\t\t<\/div>\n\t\t<\/section>\n\t\t\t\t<section class=\"elementor-section elementor-top-section elementor-element elementor-element-29e9d30 elementor-section-boxed elementor-section-height-default elementor-section-height-default\" data-id=\"29e9d30\" data-element_type=\"section\" data-e-type=\"section\">\n\t\t\t\t\t\t<div class=\"elementor-container elementor-column-gap-default\">\n\t\t\t\t\t<div class=\"elementor-column elementor-col-33 elementor-top-column elementor-element elementor-element-dd3f6bf\" data-id=\"dd3f6bf\" data-element_type=\"column\" data-e-type=\"column\">\n\t\t\t<div class=\"elementor-widget-wrap elementor-element-populated\">\n\t\t\t\t\t\t<div class=\"elementor-element elementor-element-d921cdc elementor-widget elementor-widget-spacer\" data-id=\"d921cdc\" data-element_type=\"widget\" data-e-type=\"widget\" data-widget_type=\"spacer.default\">\n\t\t\t\t<div class=\"elementor-widget-container\">\n\t\t\t\t\t\t\t<div class=\"elementor-spacer\">\n\t\t\t<div class=\"elementor-spacer-inner\"><\/div>\n\t\t<\/div>\n\t\t\t\t\t\t<\/div>\n\t\t\t\t<\/div>\n\t\t\t\t<div class=\"elementor-element elementor-element-0508a23 elementor-widget elementor-widget-image\" data-id=\"0508a23\" data-element_type=\"widget\" data-e-type=\"widget\" data-widget_type=\"image.default\">\n\t\t\t\t<div class=\"elementor-widget-container\">\n\t\t\t\t\t\t\t\t\t\t\t\t\t\t\t<img decoding=\"async\" width=\"683\" height=\"1024\" src=\"https:\/\/lypictures.fr\/wp-content\/uploads\/2022\/11\/mariage-corse-905-683x1024.jpg\" class=\"attachment-large size-large wp-image-3596\" alt=\"\" srcset=\"https:\/\/lypictures.fr\/wp-content\/uploads\/2022\/11\/mariage-corse-905-683x1024.jpg 683w, https:\/\/lypictures.fr\/wp-content\/uploads\/2022\/11\/mariage-corse-905-200x300.jpg 200w, https:\/\/lypictures.fr\/wp-content\/uploads\/2022\/11\/mariage-corse-905-768x1152.jpg 768w, https:\/\/lypictures.fr\/wp-content\/uploads\/2022\/11\/mariage-corse-905-1024x1536.jpg 1024w, https:\/\/lypictures.fr\/wp-content\/uploads\/2022\/11\/mariage-corse-905-1365x2048.jpg 1365w, https:\/\/lypictures.fr\/wp-content\/uploads\/2022\/11\/mariage-corse-905-scaled.jpg 1707w\" sizes=\"(max-width: 683px) 100vw, 683px\">\t\t\t\t\t\t\t\t\t\t\t\t\t\t\t<\/div>\n\t\t\t\t<\/div>\n\t\t\t\t\t<\/div>\n\t\t<\/div>\n\t\t\t\t<div class=\"elementor-column elementor-col-66 elementor-top-column elementor-element elementor-element-59d78e8\" data-id=\"59d78e8\" data-element_type=\"column\" data-e-type=\"column\">\n\t\t\t<div class=\"elementor-widget-wrap elementor-element-populated\">\n\t\t\t\t\t\t<div class=\"elementor-element elementor-element-b3c9c3b elementor-widget elementor-widget-spacer\" data-id=\"b3c9c3b\" data-element_type=\"widget\" data-e-type=\"widget\" data-widget_type=\"spacer.default\">\n\t\t\t\t<div class=\"elementor-widget-container\">\n\t\t\t\t\t\t\t<div class=\"elementor-spacer\">\n\t\t\t<div class=\"elementor-spacer-inner\"><\/div>\n\t\t<\/div>\n\t\t\t\t\t\t<\/div>\n\t\t\t\t<\/div>\n\t\t\t\t<div class=\"elementor-element elementor-element-9e8364f elementor-widget-divider--view-line elementor-widget elementor-widget-divider\" data-id=\"9e8364f\" data-element_type=\"widget\" data-e-type=\"widget\" data-widget_type=\"divider.default\">\n\t\t\t\t<div class=\"elementor-widget-container\">\n\t\t\t\t\t\t\t<div class=\"elementor-divider\">\n\t\t\t<span class=\"elementor-divider-separator\">\n\t\t\t\t\t\t<\/span>\n\t\t<\/div>\n\t\t\t\t\t\t<\/div>\n\t\t\t\t<\/div>\n\t\t\t\t<div class=\"elementor-element elementor-element-52a7f26 elementor-widget elementor-widget-text-editor\" data-id=\"52a7f26\" data-element_type=\"widget\" data-e-type=\"widget\" data-widget_type=\"text-editor.default\">\n\t\t\t\t<div class=\"elementor-widget-container\">\n\t\t\t\t\t\t\t\t\t<p><strong><span style=\"text-decoration: underline;\">PHOTOGRAPHY<\/span><\/strong><\/p><p>Du d\u00e9tails jusqu&rsquo;aux danses sur la pistes, je serai l\u00e0 pour vous livrer des photos <strong>authentiques<\/strong>. Habillage, instants solennels, vos photos de couple <strong>prises sur le vif<\/strong>. Nous traitons \u00e9norm\u00e9ment de photos pour avoir la photo, <strong>celle qui parle<\/strong>.<\/p><p>Il y a environ <strong>500 photos<\/strong> tri\u00e9es, s\u00e9lectionn\u00e9es sur un reportage complet pour retracer l&rsquo;int\u00e9gralit\u00e9 de cette journ\u00e9e, que vous aurez dans la meilleure qualit\u00e9 pour des tirages ou agrandissements.<\/p><p>Je suis vid\u00e9aste de mariage et photographe de mariage pour les couples qui veulent un style authentique de leur journ\u00e9e. Mon approche est bas\u00e9 sur un m\u00e9lange de photo-reportage et de <strong>cr\u00e9ativit\u00e9<\/strong> .<\/p><p>Je reste discret, <strong>tr\u00e8s discret<\/strong>. En laissant la journ\u00e9e de mariage se d\u00e9rouler naturellement, je capture des instants de vies, de joies, des moments que vous ne voyez pas mais que je saisis et qui feront de ce reportage un rendu complet, <strong>artistique et naturel.<\/strong><\/p><p>Vous recevrez un v\u00e9ritable r\u00e9cit artistique de votre journ\u00e9e qui sera aussi beau et pertinent plusieurs ann\u00e9es apr\u00e8s.<\/p>\t\t\t\t\t\t\t\t<\/div>\n\t\t\t\t<\/div>\n\t\t\t\t<div class=\"elementor-element elementor-element-e9cc12a elementor-widget-divider--view-line elementor-widget elementor-widget-divider\" data-id=\"e9cc12a\" data-element_type=\"widget\" data-e-type=\"widget\" data-widget_type=\"divider.default\">\n\t\t\t\t<div class=\"elementor-widget-container\">\n\t\t\t\t\t\t\t<div class=\"elementor-divider\">\n\t\t\t<span class=\"elementor-divider-separator\">\n\t\t\t\t\t\t<\/span>\n\t\t<\/div>\n\t\t\t\t\t\t<\/div>\n\t\t\t\t<\/div>\n\t\t\t\t<div class=\"elementor-element elementor-element-005830c elementor-widget elementor-widget-spacer\" data-id=\"005830c\" data-element_type=\"widget\" data-e-type=\"widget\" data-widget_type=\"spacer.default\">\n\t\t\t\t<div class=\"elementor-widget-container\">\n\t\t\t\t\t\t\t<div class=\"elementor-spacer\">\n\t\t\t<div class=\"elementor-spacer-inner\"><\/div>\n\t\t<\/div>\n\t\t\t\t\t\t<\/div>\n\t\t\t\t<\/div>\n\t\t\t\t<div class=\"elementor-element elementor-element-7ae2b11 elementor-widget elementor-widget-text-editor\" data-id=\"7ae2b11\" data-element_type=\"widget\" data-e-type=\"widget\" data-widget_type=\"text-editor.default\">\n\t\t\t\t<div class=\"elementor-widget-container\">\n\t\t\t\t\t\t\t\t\t<p>\u00ab\u00a0Notre travail est rendu au format num\u00e9rique en haute d\u00e9finition \u00ab\u00a0<\/p>\t\t\t\t\t\t\t\t<\/div>\n\t\t\t\t<\/div>\n\t\t\t\t<div class=\"elementor-element elementor-element-c6b5102 elementor-widget-divider--view-line elementor-widget elementor-widget-divider\" data-id=\"c6b5102\" data-element_type=\"widget\" data-e-type=\"widget\" data-widget_type=\"divider.default\">\n\t\t\t\t<div class=\"elementor-widget-container\">\n\t\t\t\t\t\t\t<div class=\"elementor-divider\">\n\t\t\t<span class=\"elementor-divider-separator\">\n\t\t\t\t\t\t<\/span>\n\t\t<\/div>\n\t\t\t\t\t\t<\/div>\n\t\t\t\t<\/div>\n\t\t\t\t<div class=\"elementor-element elementor-element-900d068 elementor-widget elementor-widget-spacer\" data-id=\"900d068\" data-element_type=\"widget\" data-e-type=\"widget\" data-widget_type=\"spacer.default\">\n\t\t\t\t<div class=\"elementor-widget-container\">\n\t\t\t\t\t\t\t<div class=\"elementor-spacer\">\n\t\t\t<div class=\"elementor-spacer-inner\"><\/div>\n\t\t<\/div>\n\t\t\t\t\t\t<\/div>\n\t\t\t\t<\/div>\n\t\t\t\t\t<\/div>\n\t\t<\/div>\n\t\t\t\t\t<\/div>\n\t\t<\/section>\n\t\t\t\t<section class=\"elementor-section elementor-top-section elementor-element elementor-element-a86806a elementor-section-boxed elementor-section-height-default elementor-section-height-default\" data-id=\"a86806a\" data-element_type=\"section\" data-e-type=\"section\">\n\t\t\t\t\t\t<div class=\"elementor-container elementor-column-gap-default\">\n\t\t\t\t\t<div class=\"elementor-column elementor-col-100 elementor-top-column elementor-element elementor-element-976bc6f\" data-id=\"976bc6f\" data-element_type=\"column\" data-e-type=\"column\">\n\t\t\t<div class=\"elementor-widget-wrap elementor-element-populated\">\n\t\t\t\t\t\t<div class=\"elementor-element elementor-element-9103e8e elementor-button-info elementor-align-center elementor-widget elementor-widget-button\" data-id=\"9103e8e\" data-element_type=\"widget\" data-e-type=\"widget\" data-widget_type=\"button.default\">\n\t\t\t\t<div class=\"elementor-widget-container\">\n\t\t\t\t\t\t\t\t\t<div class=\"elementor-button-wrapper\">\n\t\t\t\t\t<a class=\"elementor-button elementor-button-link elementor-size-xl\" href=\"https:\/\/lypictures.fr\/en\/contact\/\">\n\t\t\t\t\t\t<span class=\"elementor-button-content-wrapper\">\n\t\t\t\t\t\t\t\t\t<span class=\"elementor-button-text\">Contact<\/span>\n\t\t\t\t\t<\/span>\n\t\t\t\t\t<\/a>\n\t\t\t\t<\/div>\n\t\t\t\t\t\t\t\t<\/div>\n\t\t\t\t<\/div>\n\t\t\t\t\t<\/div>\n\t\t<\/div>\n\t\t\t\t\t<\/div>\n\t\t<\/section>\n\t\t\t\t<\/div>","protected":false},"excerpt":{"rendered":"<p>Prestations Votre mariage est une journ\u00e9e sur votre amour. Un amour sp\u00e9cial qui vous lie \u00e0 votre partenaire. Ce lien si fort que vous avez cr\u00e9\u00e9 fait de ce jour un instant grav\u00e9 \u00e0 jamais. Il y a forte histoire entre vous, ces moments qui font qu&rsquo;aujourd&rsquo;hui votre couple c&rsquo;est inscrit dans une v\u00e9ritable aventure. [&hellip;]<\/p>","protected":false},"author":2,"featured_media":1826,"parent":0,"menu_order":36,"comment_status":"closed","ping_status":"closed","template":"","meta":{"footnotes":""},"class_list":["post-101","page","type-page","status-publish","has-post-thumbnail","hentry"],"_links":{"self":[{"href":"https:\/\/lypictures.fr\/en\/wp-json\/wp\/v2\/pages\/101","targetHints":{"allow":["GET"]}}],"collection":[{"href":"https:\/\/lypictures.fr\/en\/wp-json\/wp\/v2\/pages"}],"about":[{"href":"https:\/\/lypictures.fr\/en\/wp-json\/wp\/v2\/types\/page"}],"author":[{"embeddable":true,"href":"https:\/\/lypictures.fr\/en\/wp-json\/wp\/v2\/users\/2"}],"replies":[{"embeddable":true,"href":"https:\/\/lypictures.fr\/en\/wp-json\/wp\/v2\/comments?post=101"}],"version-history":[{"count":66,"href":"https:\/\/lypictures.fr\/en\/wp-json\/wp\/v2\/pages\/101\/revisions"}],"predecessor-version":[{"id":3916,"href":"https:\/\/lypictures.fr\/en\/wp-json\/wp\/v2\/pages\/101\/revisions\/3916"}],"wp:featuredmedia":[{"embeddable":true,"href":"https:\/\/lypictures.fr\/en\/wp-json\/wp\/v2\/media\/1826"}],"wp:attachment":[{"href":"https:\/\/lypictures.fr\/en\/wp-json\/wp\/v2\/media?parent=101"}],"curies":[{"name":"wp","href":"https:\/\/api.w.org\/{rel}","templated":true}]}}